{"id":16,"date":"2014-11-27T15:22:17","date_gmt":"2014-11-27T13:22:17","guid":{"rendered":"http:\/\/www.infonda.ch\/btv\/?page_id=16"},"modified":"2025-01-12T16:57:12","modified_gmt":"2025-01-12T14:57:12","slug":"btv-aktive","status":"publish","type":"page","link":"https:\/\/www.btv.ch\/btv\/?page_id=16","title":{"rendered":"Kunstturnen"},"content":{"rendered":"<p><a href=\"https:\/\/www.btv.ch\/btv\/wp-content\/uploads\/2015\/02\/BTV-Leistungssport.jpg\"><img loading=\"lazy\" decoding=\"async\" class=\"alignright wp-image-458 size-medium\" src=\"https:\/\/www.btv.ch\/btv\/wp-content\/uploads\/2015\/02\/BTV-Leistungssport-300x223.jpg\" alt=\"_BTV-Leistungssport\" width=\"300\" height=\"223\" srcset=\"https:\/\/www.btv.ch\/btv\/wp-content\/uploads\/2015\/02\/BTV-Leistungssport-300x223.jpg 300w, https:\/\/www.btv.ch\/btv\/wp-content\/uploads\/2015\/02\/BTV-Leistungssport.jpg 643w\" sizes=\"auto, (max-width: 300px) 100vw, 300px\" \/><\/a>Das Kunstturnen geh\u00f6rt in den Bereich des Spitzensportes. Die Talente werden als 4-5 j\u00e4hrige Kinder gesucht und selektiert und mit entsprechender Vereins- und Verbands-Arbeit zum Junioren-Athleten \/ -Athletin gef\u00f6rdert. Baldm\u00f6glichst werden professionelle Trainerinnen und Trainer mit den Talenten arbeiten und mit Ihnen die Elemente und \u00dcbungen trainieren.<\/p>\n<p><a href=\"http:\/\/www.infonda.ch\/btv\/wp-content\/uploads\/2015\/02\/KUTU_Iman-Clayton_SMJ2014.jpg\"><img loading=\"lazy\" decoding=\"async\" class=\"alignleft wp-image-507 size-medium\" src=\"https:\/\/www.btv.ch\/btv\/wp-content\/uploads\/2015\/02\/KUTU_Iman-Clayton_SMJ2014-300x161.jpg\" alt=\"_KUTU_Iman Clayton_SMJ2014\" width=\"300\" height=\"161\" srcset=\"https:\/\/www.btv.ch\/btv\/wp-content\/uploads\/2015\/02\/KUTU_Iman-Clayton_SMJ2014-300x161.jpg 300w, https:\/\/www.btv.ch\/btv\/wp-content\/uploads\/2015\/02\/KUTU_Iman-Clayton_SMJ2014.jpg 557w\" sizes=\"auto, (max-width: 300px) 100vw, 300px\" \/><\/a><a href=\"http:\/\/www.infonda.ch\/btv\/wp-content\/uploads\/2015\/02\/KUTU_Iman-Clayton_SMJ2014.jpg\"><br \/>\n<\/a><\/p>\n<p>Einen \u00dcbertritt in Regionale Leistungs-Zentren und Qualifikationen f\u00fcr Kaderzugeh\u00f6rigkeiten geh\u00f6ren zum ersten Ziel von den jungen Turnerinnen und Turnern.<\/p>\n<p><strong>Kunstturnerinnen<\/strong>: Ger\u00e4te -&gt; Boden, Stufenbarren, Sprung, Schwebebalken<\/p>\n<table width=\"684\">\n<tbody>\n<tr>\n<td width=\"45\"><strong>Alter <\/strong><\/td>\n<td width=\"138\"><strong>Riege<\/strong><\/td>\n<td width=\"320\"><strong>Beschrieb<\/strong><\/td>\n<td width=\"99\"><strong>Training<\/strong><\/td>\n<td width=\"82\"><strong>Turnhalle<\/strong><\/td>\n<\/tr>\n<tr>\n<td>1 &#8211; 7<\/td>\n<td>Indoor-Spielplatz (KUTI)<\/td>\n<td>Turnen, Schaukeln, Springen, Toben. Mit Elternteil.<\/td>\n<td width=\"99\">definierte So. 10.00 &#8211; 12.30<\/td>\n<td>Bramberg Ost<\/td>\n<\/tr>\n<tr>\n<td>ab 5<\/td>\n<td>Kunstturnerinnen (KUTI)<\/td>\n<td width=\"320\">Ausrichtung Spitzensport, Kraft + Beweglichkeit sind Voraussetzung, mehrere Wettk\u00e4mpfe\/Jahr, olympische Disziplin.<\/td>\n<td width=\"99\">Mo.-Fr.<br \/>\n17.00 &#8211; 20.00<\/td>\n<td>Bramberg Ost<\/td>\n<\/tr>\n<\/tbody>\n<\/table>\n<p><strong>Kunstturner<\/strong>: Ger\u00e4te -&gt; Boden, Pferdpauschen, Ringe, Sprung, Barren, Reck<\/p>\n<table width=\"684\">\n<tbody>\n<tr>\n<td width=\"45\"><strong>Alter <\/strong><\/td>\n<td width=\"138\"><strong>Riege<\/strong><\/td>\n<td width=\"320\"><strong>Beschrieb<\/strong><\/td>\n<td width=\"99\"><strong>Training<\/strong><\/td>\n<td width=\"82\"><strong>Turnhalle<\/strong><\/td>\n<\/tr>\n<tr>\n<td>4 &#8211; 6<\/td>\n<td width=\"138\">Saltolino (KUTU)<\/td>\n<td>Spielerisches Vorbereiten aufs Kunstturnen.<\/td>\n<td>Di. 17.30 &#8211; 18.45<\/td>\n<td>Bramberg West<\/td>\n<\/tr>\n<tr>\n<td>ab 6<\/td>\n<td>KUTU<\/td>\n<td width=\"320\">Spitzensport, intensiviertes Training an 6 Ger\u00e4ten,\u00a0 Teilnahme an Wettk\u00e4mpfen (olympische Disziplin).<\/td>\n<td width=\"99\">Di. 17.15 &#8211; 19.45Sa. 09.00 &#8211; 12.00<\/td>\n<td width=\"82\">Bramberg Ost<\/td>\n<\/tr>\n<\/tbody>\n<\/table>\n<p>F\u00fcr ein Probetraining kontaktiere die entsprechende technische Leitung:<\/p>\n<p><span style=\"color: #0000ff;\"><strong><a style=\"color: #0000ff;\" href=\"https:\/\/www.btv.ch\/btv\/?page_id=344\">Zu der technischen Leitung der Kunstturnerinnen<\/a><\/strong><\/span><br \/>\n<strong><span style=\"color: #0000ff;\"><a style=\"color: #0000ff;\" href=\"https:\/\/www.btv.ch\/btv\/?page_id=342\">Zu der technischen Leitung der\u00a0Kunstturner<\/a><\/span><\/strong><\/p>\n","protected":false},"excerpt":{"rendered":"<p>Das Kunstturnen geh\u00f6rt in den Bereich des Spitzensportes. Die Talente werden als 4-5 j\u00e4hrige Kinder gesucht und selektiert und mit entsprechender Vereins- und Verbands-Arbeit zum Junioren-Athleten \/ -Athletin gef\u00f6rdert. Baldm\u00f6glichst werden professionelle Trainerinnen und Trainer mit den Talenten arbeiten und mit Ihnen die Elemente und \u00dcbungen trainieren. Einen \u00dcbertritt in Regionale Leistungs-Zentren und Qualifikationen f\u00fcr Kaderzugeh\u00f6rigkeiten geh\u00f6ren zum ersten Ziel [&#8230;]<\/p>\n","protected":false},"author":1,"featured_media":0,"parent":36,"menu_order":0,"comment_status":"closed","ping_status":"closed","template":"","meta":{"_monsterinsights_skip_tracking":false,"_monsterinsights_sitenote_active":false,"_monsterinsights_sitenote_note":"","_monsterinsights_sitenote_category":0,"footnotes":""},"class_list":["post-16","page","type-page","status-publish","hentry"],"_links":{"self":[{"href":"https:\/\/www.btv.ch\/btv\/index.php?rest_route=\/wp\/v2\/pages\/16","targetHints":{"allow":["GET"]}}],"collection":[{"href":"https:\/\/www.btv.ch\/btv\/index.php?rest_route=\/wp\/v2\/pages"}],"about":[{"href":"https:\/\/www.btv.ch\/btv\/index.php?rest_route=\/wp\/v2\/types\/page"}],"author":[{"embeddable":true,"href":"https:\/\/www.btv.ch\/btv\/index.php?rest_route=\/wp\/v2\/users\/1"}],"replies":[{"embeddable":true,"href":"https:\/\/www.btv.ch\/btv\/index.php?rest_route=%2Fwp%2Fv2%2Fcomments&post=16"}],"version-history":[{"count":0,"href":"https:\/\/www.btv.ch\/btv\/index.php?rest_route=\/wp\/v2\/pages\/16\/revisions"}],"up":[{"embeddable":true,"href":"https:\/\/www.btv.ch\/btv\/index.php?rest_route=\/wp\/v2\/pages\/36"}],"wp:attachment":[{"href":"https:\/\/www.btv.ch\/btv\/index.php?rest_route=%2Fwp%2Fv2%2Fmedia&parent=16"}],"curies":[{"name":"wp","href":"https:\/\/api.w.org\/{rel}","templated":true}]}}