{"id":1970,"date":"2017-08-04T13:08:42","date_gmt":"2017-08-04T11:08:42","guid":{"rendered":"https:\/\/www.btv.ch\/btv\/?page_id=1970"},"modified":"2025-10-19T20:52:36","modified_gmt":"2025-10-19T18:52:36","slug":"geraeteturnen-sm-challenge-2017","status":"publish","type":"page","link":"https:\/\/www.btv.ch\/btv\/?page_id=1970","title":{"rendered":"Ger\u00e4teturnen: SM TEAM CHALLENGE 2025"},"content":{"rendered":"<div class=\"wp-block-image\">\n<figure class=\"aligncenter size-large\"><a href=\"https:\/\/www.btv.ch\/btv\/wp-content\/uploads\/2025\/09\/Feeder_SMTeamChallenge_2025.jpg\"><img loading=\"lazy\" decoding=\"async\" width=\"1024\" height=\"431\" src=\"https:\/\/www.btv.ch\/btv\/wp-content\/uploads\/2025\/09\/Feeder_SMTeamChallenge_2025-1024x431.jpg\" alt=\"\" class=\"wp-image-8422\" srcset=\"https:\/\/www.btv.ch\/btv\/wp-content\/uploads\/2025\/09\/Feeder_SMTeamChallenge_2025-1024x431.jpg 1024w, https:\/\/www.btv.ch\/btv\/wp-content\/uploads\/2025\/09\/Feeder_SMTeamChallenge_2025-300x126.jpg 300w, https:\/\/www.btv.ch\/btv\/wp-content\/uploads\/2025\/09\/Feeder_SMTeamChallenge_2025-768x323.jpg 768w, https:\/\/www.btv.ch\/btv\/wp-content\/uploads\/2025\/09\/Feeder_SMTeamChallenge_2025-1536x646.jpg 1536w, https:\/\/www.btv.ch\/btv\/wp-content\/uploads\/2025\/09\/Feeder_SMTeamChallenge_2025.jpg 1836w\" sizes=\"auto, (max-width: 1024px) 100vw, 1024px\" \/><\/a><\/figure>\n<\/div>\n\n<div class=\"wp-block-image\">\n<figure class=\"alignleft size-large is-resized\"><a href=\"https:\/\/www.btv.ch\/btv\/wp-content\/uploads\/2025\/09\/Flyer-SM-Challenge.png\" target=\"_blank\" rel=\" noreferrer noopener\"><img loading=\"lazy\" decoding=\"async\" width=\"724\" height=\"1024\" src=\"https:\/\/www.btv.ch\/btv\/wp-content\/uploads\/2025\/09\/Flyer-SM-Challenge-724x1024.png\" alt=\"\" class=\"wp-image-8426\" style=\"width:250px\" srcset=\"https:\/\/www.btv.ch\/btv\/wp-content\/uploads\/2025\/09\/Flyer-SM-Challenge-724x1024.png 724w, https:\/\/www.btv.ch\/btv\/wp-content\/uploads\/2025\/09\/Flyer-SM-Challenge-212x300.png 212w, https:\/\/www.btv.ch\/btv\/wp-content\/uploads\/2025\/09\/Flyer-SM-Challenge.png 747w\" sizes=\"auto, (max-width: 724px) 100vw, 724px\" \/><\/a><\/figure>\n<\/div>\n\n\n<p>Samstag, 18. Oktober. 2025: <\/p>\n\n\n\n<p> ,<\/p>\n\n\n\n<p><strong><a href=\"https:\/\/www.turnverband.ch\/wp-content\/uploads\/2024\/10\/Gesamtrangliste-SM-Team-Challenge-Luzern_2025.pdf\" target=\"_blank\" rel=\"noreferrer noopener\">RANGLISTE: SM TEAM Challenge 2025<\/a><\/strong><\/p>\n\n\n\n<p> ,<\/p>\n\n\n\n<p>Der BTV Luzern organisiert im Auftrag des Turnverbandes LU\/OW\/NW die SM TEAM CHALLENGE im Ger\u00e4teturnen. Kurz vor den Schweizermeisterschaften messen sich die qualifizierten Mannschaften der einzelnen Verb\u00e4nde in einem Team-Wettkampf. Es ist somit eine Hauptprobe der aktuellen SM-Teams der Frauen und der letzte Testwettkampf f\u00fcr die M\u00e4nner. <br>Wir erwarten in der <strong>Turnhalle Utenberg in\u00a0Luzern<\/strong>\u00a0Turnerinnen und -Turner mehr als 8 Verb\u00e4nden in den Kategorien K5 \/ K6 \/ KD + KH \/ K7.<\/p>\n\n\n\n<p><strong>Neuer Modus:<\/strong>    <a href=\"https:\/\/www.btv.ch\/btv\/wp-content\/uploads\/2025\/09\/SM_Team_Challenge_Reglement_2025.pdf\"><strong>(zum Reglement 2025)<\/strong><\/a><br>Ziel ist es, das h\u00f6chste TEAM-Resultat zu erzielen. Jedes Team besteht aus 4-6 Turnerinnen (z.B. bei den Turnerinnen: qualifiziertes SM-Team mit Ersatzturnerin) und turnt an jedem Ger\u00e4t 4 \u00dcbungen. Es gibt KEIN Streichresultat! Jedes Team-Mitglied muss zwingend zwei \u00dcbungen im Wettkampf turnen. Der Coach hat mit der jeweiligen Wahl der Turnenden ebenfalls eine zus\u00e4tzliche wichtige Rolle. Pro Kategorie gewinnt das Team mit der h\u00f6chsten Team-Punktezahl.<\/p>\n\n\n\n<p>Zus\u00e4tzlich an Spannung gewinnt der Wettkampf durch die Teilnahme der Top-Verb\u00e4nden mit ihren Spitzen-Turnerinnen und Turnern. F\u00fcr die Zuschauer wird ein weiteres Ger\u00e4teturn-Spektakel garantiert!<\/p>\n\n\n\n<p><span style=\"color: #ffffff;\">.<\/span><strong>SUPER-CHALLENGE<\/strong><br>Bereits zum beliebten H\u00f6hepunkt geh\u00f6rend, wird zum H\u00f6hepunkt wiederum die abschliessende SUPER CHALLENGE ausgetragen. Bei den Frauen, wie auch bei den M\u00e4nnern, treten die total je sechs h\u00f6chsten Einzelger\u00e4te-Noten \u00fcber den gesamten Wettkampf-Tag hinweg nochmals an ihrem Spitzenger\u00e4t an. Ab diesem Jahr werden bei der Auslosung der Startreihenfolge gleichzeitig auch die Paare gelost. Unter diesen 2x 6 \u00dcbungen wird dann das TEAM mit der Tages-Siegerin und dem Tages-Sieger erkoren.&nbsp; <strong><span style=\"color: #0000ff;\"><br><\/span><\/strong>.<\/p>\n\n\n\n<p>Ein grosser Dank geht an die <strong>Sponsoren<\/strong>:<\/p>\n\n\n\n<figure class=\"wp-block-table\"><table><tbody><tr><td><img loading=\"lazy\" decoding=\"async\" width=\"150\" height=\"109\" class=\"wp-image-7096\" style=\"width: 150px;\" src=\"https:\/\/www.btv.ch\/btv\/wp-content\/uploads\/2023\/09\/Logo_BTVLuzern_positiv_RGB.jpg\" alt=\"\" srcset=\"https:\/\/www.btv.ch\/btv\/wp-content\/uploads\/2023\/09\/Logo_BTVLuzern_positiv_RGB.jpg 1803w, https:\/\/www.btv.ch\/btv\/wp-content\/uploads\/2023\/09\/Logo_BTVLuzern_positiv_RGB-300x218.jpg 300w, https:\/\/www.btv.ch\/btv\/wp-content\/uploads\/2023\/09\/Logo_BTVLuzern_positiv_RGB-1024x743.jpg 1024w, https:\/\/www.btv.ch\/btv\/wp-content\/uploads\/2023\/09\/Logo_BTVLuzern_positiv_RGB-768x558.jpg 768w, https:\/\/www.btv.ch\/btv\/wp-content\/uploads\/2023\/09\/Logo_BTVLuzern_positiv_RGB-1536x1115.jpg 1536w\" sizes=\"auto, (max-width: 150px) 100vw, 150px\" \/><br>Stammverein BTV Luzern<br><a href=\"https:\/\/www.wiba-sport.ch\/\"><\/a><\/td><td><a href=\"http:\/\/www.mum.ch\" target=\"_blank\" rel=\"noreferrer noopener\"><img loading=\"lazy\" decoding=\"async\" width=\"200\" height=\"41\" class=\"wp-image-7099\" style=\"width: 200px;\" src=\"https:\/\/www.btv.ch\/btv\/wp-content\/uploads\/2023\/09\/MuM.png\" alt=\"\" srcset=\"https:\/\/www.btv.ch\/btv\/wp-content\/uploads\/2023\/09\/MuM.png 495w, https:\/\/www.btv.ch\/btv\/wp-content\/uploads\/2023\/09\/MuM-300x62.png 300w\" sizes=\"auto, (max-width: 200px) 100vw, 200px\" \/><\/a><\/td><td><img loading=\"lazy\" decoding=\"async\" width=\"150\" height=\"109\" class=\"wp-image-7096\" style=\"width: 150px;\" src=\"https:\/\/www.btv.ch\/btv\/wp-content\/uploads\/2023\/09\/Logo_BTVLuzern_positiv_RGB.jpg\" alt=\"\" srcset=\"https:\/\/www.btv.ch\/btv\/wp-content\/uploads\/2023\/09\/Logo_BTVLuzern_positiv_RGB.jpg 1803w, https:\/\/www.btv.ch\/btv\/wp-content\/uploads\/2023\/09\/Logo_BTVLuzern_positiv_RGB-300x218.jpg 300w, https:\/\/www.btv.ch\/btv\/wp-content\/uploads\/2023\/09\/Logo_BTVLuzern_positiv_RGB-1024x743.jpg 1024w, https:\/\/www.btv.ch\/btv\/wp-content\/uploads\/2023\/09\/Logo_BTVLuzern_positiv_RGB-768x558.jpg 768w, https:\/\/www.btv.ch\/btv\/wp-content\/uploads\/2023\/09\/Logo_BTVLuzern_positiv_RGB-1536x1115.jpg 1536w\" sizes=\"auto, (max-width: 150px) 100vw, 150px\" \/><br>FREUNDE BTV Luzern<\/td><td> <img loading=\"lazy\" decoding=\"async\" width=\"200\" height=\"93\" class=\"wp-image-7098\" style=\"width: 200px;\" src=\"https:\/\/www.btv.ch\/btv\/wp-content\/uploads\/2023\/09\/luzern.png\" alt=\"\" srcset=\"https:\/\/www.btv.ch\/btv\/wp-content\/uploads\/2023\/09\/luzern.png 329w, https:\/\/www.btv.ch\/btv\/wp-content\/uploads\/2023\/09\/luzern-300x140.png 300w\" sizes=\"auto, (max-width: 200px) 100vw, 200px\" \/><\/td><\/tr><tr><td><a href=\"https:\/\/www.wiba-sport.ch\/\" target=\"_blank\" rel=\"noreferrer noopener\"><img loading=\"lazy\" decoding=\"async\" width=\"150\" height=\"86\" class=\"wp-image-7126\" style=\"width: 150px;\" src=\"https:\/\/www.btv.ch\/btv\/wp-content\/uploads\/2023\/09\/images.png\" alt=\"\"><\/a><\/td><td><a href=\"https:\/\/deinequelle.com\/\" target=\"_blank\" rel=\"noreferrer noopener\"><img loading=\"lazy\" decoding=\"async\" width=\"150\" height=\"72\" class=\"wp-image-7097\" style=\"width: 150px;\" src=\"https:\/\/www.btv.ch\/btv\/wp-content\/uploads\/2023\/09\/Logo2023_Web_Color_Medium.jpg\" alt=\"\" srcset=\"https:\/\/www.btv.ch\/btv\/wp-content\/uploads\/2023\/09\/Logo2023_Web_Color_Medium.jpg 1754w, https:\/\/www.btv.ch\/btv\/wp-content\/uploads\/2023\/09\/Logo2023_Web_Color_Medium-300x144.jpg 300w, https:\/\/www.btv.ch\/btv\/wp-content\/uploads\/2023\/09\/Logo2023_Web_Color_Medium-1024x492.jpg 1024w, https:\/\/www.btv.ch\/btv\/wp-content\/uploads\/2023\/09\/Logo2023_Web_Color_Medium-768x369.jpg 768w, https:\/\/www.btv.ch\/btv\/wp-content\/uploads\/2023\/09\/Logo2023_Web_Color_Medium-1536x738.jpg 1536w\" sizes=\"auto, (max-width: 150px) 100vw, 150px\" \/><\/a><\/td><td><a href=\"https:\/\/www.erichjung.ch\/\" target=\"_blank\" rel=\"noreferrer noopener\"><img loading=\"lazy\" decoding=\"async\" width=\"150\" height=\"48\" class=\"wp-image-8465\" style=\"width: 150px;\" src=\"https:\/\/www.btv.ch\/btv\/wp-content\/uploads\/2025\/09\/ej.jpg\" alt=\"\" srcset=\"https:\/\/www.btv.ch\/btv\/wp-content\/uploads\/2025\/09\/ej.jpg 854w, https:\/\/www.btv.ch\/btv\/wp-content\/uploads\/2025\/09\/ej-300x96.jpg 300w, https:\/\/www.btv.ch\/btv\/wp-content\/uploads\/2025\/09\/ej-768x246.jpg 768w\" sizes=\"auto, (max-width: 150px) 100vw, 150px\" \/><\/a><\/td><td><a href=\"https:\/\/www.metzgerei-matter.ch\/\" target=\"_blank\" rel=\"noreferrer noopener\"><img loading=\"lazy\" decoding=\"async\" width=\"150\" height=\"47\" class=\"wp-image-8464\" style=\"width: 150px;\" src=\"https:\/\/www.btv.ch\/btv\/wp-content\/uploads\/2025\/09\/Matter-Metzgerei.jpg\" alt=\"\" srcset=\"https:\/\/www.btv.ch\/btv\/wp-content\/uploads\/2025\/09\/Matter-Metzgerei.jpg 348w, https:\/\/www.btv.ch\/btv\/wp-content\/uploads\/2025\/09\/Matter-Metzgerei-300x93.jpg 300w\" sizes=\"auto, (max-width: 150px) 100vw, 150px\" \/><\/a><\/td><\/tr><tr><td><br><a href=\"http:\/\/www.hgc.ch\" target=\"_blank\" rel=\"noreferrer noopener\"><img loading=\"lazy\" decoding=\"async\" width=\"150\" height=\"62\" class=\"wp-image-8489\" style=\"width: 150px;\" src=\"https:\/\/www.btv.ch\/btv\/wp-content\/uploads\/2025\/10\/HGC_AllesfuerdenBau_farbig.jpg\" alt=\"\" srcset=\"https:\/\/www.btv.ch\/btv\/wp-content\/uploads\/2025\/10\/HGC_AllesfuerdenBau_farbig.jpg 389w, https:\/\/www.btv.ch\/btv\/wp-content\/uploads\/2025\/10\/HGC_AllesfuerdenBau_farbig-300x125.jpg 300w\" sizes=\"auto, (max-width: 150px) 100vw, 150px\" \/><\/a><\/td><td><\/td><td><\/td><td><\/td><\/tr><\/tbody><\/table><\/figure>\n\n\n\n<p><span style=\"color: #ffffff;\">.<\/span><\/p>\n\n\n\n<p><strong>Die Startzeiten sind folgendermassen festgelegt:<\/strong><\/p>\n\n\n\n<p>12.00 Uhr Wettkampfstart Kategorie K5 Turnerinnen \/ K6 Turnerinnen<br>14.00 Uhr Wettkampfstart Kategorie KD Turnerinnen \/ K &#8222;Flexibel&#8220; Turner<br>16.00 Uhr Rangverk\u00fcndigung Turnerinnen K5 + K6<\/p>\n\n\n\n<p>16.45 Uhr Wettkampfstart Kategorie K7 Turnerinnen \/ K &#8222;Elite&#8220; Turner<br>19.15 Uhr SUPER &#8211; CHALLENGE<br>20.00 Rangverk\u00fcndigung K7 \/ Damen + Turner K &#8222;Flexibel&#8220; + &#8222;Elite&#8220;\/ SUPER &#8211; CHALLENGE<br><\/p>\n\n\n\n<p><strong>Festwirtschaft:<\/strong><br>Wir betreiben f\u00fcr den Anlass ein Festwirtschaft mit Getr\u00e4nken, Kaffee und Kuchen, Hotdogs und Grilladen. <br><br><strong>Anreise<\/strong><br>Wir bitten die Anreise mit den \u00f6ffentlichen Verkehrsmittel zu machen. Es stehen nur wenige Parkpl\u00e4tze zur Verf\u00fcgung. BItte das <strong>Parkhaus &#8222;Hirslanden St. Anna&#8220;<\/strong> benutzen.<\/p>\n\n\n\n<p><\/p>\n\n\n\n<p>Impressionen von der SM-Challenge 2024 in Willisau:<\/p>\n\n\n\n<figure class=\"wp-block-gallery has-nested-images columns-5 is-cropped wp-block-gallery-1 is-layout-flex wp-block-gallery-is-layout-flex\">\n<figure class=\"wp-block-image size-large\"><a href=\"https:\/\/www.btv.ch\/btv\/wp-content\/uploads\/2025\/09\/SMChallenge2024-7990.jpg\" target=\"_blank\"><img loading=\"lazy\" decoding=\"async\" width=\"769\" height=\"1024\" data-id=\"8411\" src=\"https:\/\/www.btv.ch\/btv\/wp-content\/uploads\/2025\/09\/SMChallenge2024-7990-769x1024.jpg\" alt=\"\" class=\"wp-image-8411\" srcset=\"https:\/\/www.btv.ch\/btv\/wp-content\/uploads\/2025\/09\/SMChallenge2024-7990-769x1024.jpg 769w, https:\/\/www.btv.ch\/btv\/wp-content\/uploads\/2025\/09\/SMChallenge2024-7990-225x300.jpg 225w, https:\/\/www.btv.ch\/btv\/wp-content\/uploads\/2025\/09\/SMChallenge2024-7990-768x1023.jpg 768w, https:\/\/www.btv.ch\/btv\/wp-content\/uploads\/2025\/09\/SMChallenge2024-7990.jpg 858w\" sizes=\"auto, (max-width: 769px) 100vw, 769px\" \/><\/a><\/figure>\n\n\n\n<figure class=\"wp-block-image size-large\"><a href=\"https:\/\/www.btv.ch\/btv\/wp-content\/uploads\/2025\/09\/SMChallenge2024-9325.jpg\" target=\"_blank\"><img loading=\"lazy\" decoding=\"async\" width=\"768\" height=\"1024\" data-id=\"8416\" src=\"https:\/\/www.btv.ch\/btv\/wp-content\/uploads\/2025\/09\/SMChallenge2024-9325-768x1024.jpg\" alt=\"\" class=\"wp-image-8416\" srcset=\"https:\/\/www.btv.ch\/btv\/wp-content\/uploads\/2025\/09\/SMChallenge2024-9325-768x1025.jpg 768w, https:\/\/www.btv.ch\/btv\/wp-content\/uploads\/2025\/09\/SMChallenge2024-9325-225x300.jpg 225w, https:\/\/www.btv.ch\/btv\/wp-content\/uploads\/2025\/09\/SMChallenge2024-9325.jpg 853w\" sizes=\"auto, (max-width: 768px) 100vw, 768px\" \/><\/a><\/figure>\n\n\n\n<figure class=\"wp-block-image size-large\"><a href=\"https:\/\/www.btv.ch\/btv\/wp-content\/uploads\/2025\/09\/SMChallenge2024-9268.jpg\" target=\"_blank\"><img loading=\"lazy\" decoding=\"async\" width=\"1024\" height=\"683\" data-id=\"8415\" src=\"https:\/\/www.btv.ch\/btv\/wp-content\/uploads\/2025\/09\/SMChallenge2024-9268-1024x683.jpg\" alt=\"\" class=\"wp-image-8415\" srcset=\"https:\/\/www.btv.ch\/btv\/wp-content\/uploads\/2025\/09\/SMChallenge2024-9268-1024x683.jpg 1024w, https:\/\/www.btv.ch\/btv\/wp-content\/uploads\/2025\/09\/SMChallenge2024-9268-300x200.jpg 300w, https:\/\/www.btv.ch\/btv\/wp-content\/uploads\/2025\/09\/SMChallenge2024-9268-768x512.jpg 768w, https:\/\/www.btv.ch\/btv\/wp-content\/uploads\/2025\/09\/SMChallenge2024-9268.jpg 1306w\" sizes=\"auto, (max-width: 1024px) 100vw, 1024px\" \/><\/a><\/figure>\n\n\n\n<figure class=\"wp-block-image size-large\"><a href=\"https:\/\/www.btv.ch\/btv\/wp-content\/uploads\/2025\/09\/SMChallenge2024-9475.jpg\" target=\"_blank\"><img loading=\"lazy\" decoding=\"async\" width=\"768\" height=\"1024\" data-id=\"8418\" src=\"https:\/\/www.btv.ch\/btv\/wp-content\/uploads\/2025\/09\/SMChallenge2024-9475-768x1024.jpg\" alt=\"\" class=\"wp-image-8418\" srcset=\"https:\/\/www.btv.ch\/btv\/wp-content\/uploads\/2025\/09\/SMChallenge2024-9475-768x1024.jpg 768w, https:\/\/www.btv.ch\/btv\/wp-content\/uploads\/2025\/09\/SMChallenge2024-9475-225x300.jpg 225w, https:\/\/www.btv.ch\/btv\/wp-content\/uploads\/2025\/09\/SMChallenge2024-9475.jpg 863w\" sizes=\"auto, (max-width: 768px) 100vw, 768px\" \/><\/a><\/figure>\n\n\n\n<figure class=\"wp-block-image size-large\"><a href=\"https:\/\/www.btv.ch\/btv\/wp-content\/uploads\/2025\/09\/SMChallenge2024-9345.jpg\" target=\"_blank\"><img loading=\"lazy\" decoding=\"async\" width=\"768\" height=\"1024\" data-id=\"8417\" src=\"https:\/\/www.btv.ch\/btv\/wp-content\/uploads\/2025\/09\/SMChallenge2024-9345-768x1024.jpg\" alt=\"\" class=\"wp-image-8417\" srcset=\"https:\/\/www.btv.ch\/btv\/wp-content\/uploads\/2025\/09\/SMChallenge2024-9345-768x1024.jpg 768w, https:\/\/www.btv.ch\/btv\/wp-content\/uploads\/2025\/09\/SMChallenge2024-9345-225x300.jpg 225w, https:\/\/www.btv.ch\/btv\/wp-content\/uploads\/2025\/09\/SMChallenge2024-9345.jpg 866w\" sizes=\"auto, (max-width: 768px) 100vw, 768px\" \/><\/a><\/figure>\n\n\n\n<figure class=\"wp-block-image size-large\"><a href=\"https:\/\/www.btv.ch\/btv\/wp-content\/uploads\/2025\/09\/SMChallenge2024-8700.jpg\" target=\"_blank\"><img loading=\"lazy\" decoding=\"async\" width=\"1024\" height=\"768\" data-id=\"8413\" src=\"https:\/\/www.btv.ch\/btv\/wp-content\/uploads\/2025\/09\/SMChallenge2024-8700-1024x768.jpg\" alt=\"\" class=\"wp-image-8413\" srcset=\"https:\/\/www.btv.ch\/btv\/wp-content\/uploads\/2025\/09\/SMChallenge2024-8700-1024x768.jpg 1024w, https:\/\/www.btv.ch\/btv\/wp-content\/uploads\/2025\/09\/SMChallenge2024-8700-300x225.jpg 300w, https:\/\/www.btv.ch\/btv\/wp-content\/uploads\/2025\/09\/SMChallenge2024-8700-768x576.jpg 768w, https:\/\/www.btv.ch\/btv\/wp-content\/uploads\/2025\/09\/SMChallenge2024-8700.jpg 1420w\" sizes=\"auto, (max-width: 1024px) 100vw, 1024px\" \/><\/a><\/figure>\n\n\n\n<figure class=\"wp-block-image size-large\"><a href=\"https:\/\/www.btv.ch\/btv\/wp-content\/uploads\/2025\/09\/SMChallenge2024-9621-scaled.jpg\" target=\"_blank\"><img loading=\"lazy\" decoding=\"async\" width=\"768\" height=\"1024\" data-id=\"8419\" src=\"https:\/\/www.btv.ch\/btv\/wp-content\/uploads\/2025\/09\/SMChallenge2024-9621-768x1024.jpg\" alt=\"\" class=\"wp-image-8419\" srcset=\"https:\/\/www.btv.ch\/btv\/wp-content\/uploads\/2025\/09\/SMChallenge2024-9621-768x1024.jpg 768w, https:\/\/www.btv.ch\/btv\/wp-content\/uploads\/2025\/09\/SMChallenge2024-9621-225x300.jpg 225w, https:\/\/www.btv.ch\/btv\/wp-content\/uploads\/2025\/09\/SMChallenge2024-9621-1152x1536.jpg 1152w, https:\/\/www.btv.ch\/btv\/wp-content\/uploads\/2025\/09\/SMChallenge2024-9621-1536x2048.jpg 1536w, https:\/\/www.btv.ch\/btv\/wp-content\/uploads\/2025\/09\/SMChallenge2024-9621-scaled.jpg 1920w\" sizes=\"auto, (max-width: 768px) 100vw, 768px\" \/><\/a><\/figure>\n\n\n\n<figure class=\"wp-block-image size-large\"><a href=\"https:\/\/www.btv.ch\/btv\/wp-content\/uploads\/2025\/09\/SMChallenge2024-8771.jpg\" target=\"_blank\"><img loading=\"lazy\" decoding=\"async\" width=\"768\" height=\"1024\" data-id=\"8414\" src=\"https:\/\/www.btv.ch\/btv\/wp-content\/uploads\/2025\/09\/SMChallenge2024-8771-768x1024.jpg\" alt=\"\" class=\"wp-image-8414\" srcset=\"https:\/\/www.btv.ch\/btv\/wp-content\/uploads\/2025\/09\/SMChallenge2024-8771-768x1024.jpg 768w, https:\/\/www.btv.ch\/btv\/wp-content\/uploads\/2025\/09\/SMChallenge2024-8771-225x300.jpg 225w, https:\/\/www.btv.ch\/btv\/wp-content\/uploads\/2025\/09\/SMChallenge2024-8771.jpg 1035w\" sizes=\"auto, (max-width: 768px) 100vw, 768px\" \/><\/a><\/figure>\n\n\n\n<figure class=\"wp-block-image size-large\"><a href=\"https:\/\/www.btv.ch\/btv\/wp-content\/uploads\/2025\/09\/SMChallenge2024-9682.jpg\" target=\"_blank\"><img loading=\"lazy\" decoding=\"async\" width=\"767\" height=\"1024\" data-id=\"8420\" src=\"https:\/\/www.btv.ch\/btv\/wp-content\/uploads\/2025\/09\/SMChallenge2024-9682-767x1024.jpg\" alt=\"\" class=\"wp-image-8420\" srcset=\"https:\/\/www.btv.ch\/btv\/wp-content\/uploads\/2025\/09\/SMChallenge2024-9682-767x1024.jpg 767w, https:\/\/www.btv.ch\/btv\/wp-content\/uploads\/2025\/09\/SMChallenge2024-9682-225x300.jpg 225w, https:\/\/www.btv.ch\/btv\/wp-content\/uploads\/2025\/09\/SMChallenge2024-9682-768x1025.jpg 768w, https:\/\/www.btv.ch\/btv\/wp-content\/uploads\/2025\/09\/SMChallenge2024-9682.jpg 870w\" sizes=\"auto, (max-width: 767px) 100vw, 767px\" \/><\/a><\/figure>\n<\/figure>\n","protected":false},"excerpt":{"rendered":"<p>Samstag, 18. Oktober. 2025: , RANGLISTE: SM TEAM Challenge 2025 , Der BTV Luzern organisiert im Auftrag des Turnverbandes LU\/OW\/NW die SM TEAM CHALLENGE im Ger\u00e4teturnen. Kurz vor den Schweizermeisterschaften messen sich die qualifizierten Mannschaften der einzelnen Verb\u00e4nde in einem Team-Wettkampf. Es ist somit eine Hauptprobe der aktuellen SM-Teams der Frauen und der letzte Testwettkampf f\u00fcr die M\u00e4nner. Wir erwarten [&#8230;]<\/p>\n","protected":false},"author":1,"featured_media":0,"parent":38,"menu_order":11,"comment_status":"closed","ping_status":"closed","template":"","meta":{"_monsterinsights_skip_tracking":false,"_monsterinsights_sitenote_active":false,"_monsterinsights_sitenote_note":"","_monsterinsights_sitenote_category":0,"footnotes":""},"class_list":["post-1970","page","type-page","status-publish","hentry"],"_links":{"self":[{"href":"https:\/\/www.btv.ch\/btv\/index.php?rest_route=\/wp\/v2\/pages\/1970","targetHints":{"allow":["GET"]}}],"collection":[{"href":"https:\/\/www.btv.ch\/btv\/index.php?rest_route=\/wp\/v2\/pages"}],"about":[{"href":"https:\/\/www.btv.ch\/btv\/index.php?rest_route=\/wp\/v2\/types\/page"}],"author":[{"embeddable":true,"href":"https:\/\/www.btv.ch\/btv\/index.php?rest_route=\/wp\/v2\/users\/1"}],"replies":[{"embeddable":true,"href":"https:\/\/www.btv.ch\/btv\/index.php?rest_route=%2Fwp%2Fv2%2Fcomments&post=1970"}],"version-history":[{"count":0,"href":"https:\/\/www.btv.ch\/btv\/index.php?rest_route=\/wp\/v2\/pages\/1970\/revisions"}],"up":[{"embeddable":true,"href":"https:\/\/www.btv.ch\/btv\/index.php?rest_route=\/wp\/v2\/pages\/38"}],"wp:attachment":[{"href":"https:\/\/www.btv.ch\/btv\/index.php?rest_route=%2Fwp%2Fv2%2Fmedia&parent=1970"}],"curies":[{"name":"wp","href":"https:\/\/api.w.org\/{rel}","templated":true}]}}