{"id":340,"date":"2015-02-04T01:02:06","date_gmt":"2015-02-03T23:02:06","guid":{"rendered":"http:\/\/www.infonda.ch\/btv\/?page_id=340"},"modified":"2025-08-04T22:16:36","modified_gmt":"2025-08-04T20:16:36","slug":"jumix","status":"publish","type":"page","link":"https:\/\/www.btv.ch\/btv\/?page_id=340","title":{"rendered":"JUMIX"},"content":{"rendered":"<p>Die Jumix-Riege (Jugend-Mixed-Riege) wurde 1994 aus der M\u00e4dchen-T\u00f6chterriege und der Jugendriege gegr\u00fcndet.<\/p>\n<p>Unser Angebot richtet sich an Kinder von 2.5 bis 9 Jahren, die sich gerne spielerisch <a href=\"https:\/\/www.btv.ch\/btv\/wp-content\/uploads\/2015\/02\/Jumix-2.jpg\"><img loading=\"lazy\" decoding=\"async\" class=\"size-medium wp-image-504 alignright\" src=\"https:\/\/www.btv.ch\/btv\/wp-content\/uploads\/2015\/02\/Jumix-2-300x225.jpg\" alt=\"_Jumix 2\" width=\"300\" height=\"225\" srcset=\"https:\/\/www.btv.ch\/btv\/wp-content\/uploads\/2015\/02\/Jumix-2-300x225.jpg 300w, https:\/\/www.btv.ch\/btv\/wp-content\/uploads\/2015\/02\/Jumix-2-1024x768.jpg 1024w, https:\/\/www.btv.ch\/btv\/wp-content\/uploads\/2015\/02\/Jumix-2.jpg 1200w\" sizes=\"auto, (max-width: 300px) 100vw, 300px\" \/><\/a>bewegen, neue Ger\u00e4te kennenlernen und den Breitensport des Turnens ausprobieren m\u00f6chten. Neben dem turnerischen Aspekt kommt auch die Kameradschaft und der Spass nicht zu kurz! Die Trainings aller Gruppen der Jumix finden jeweils in der oberen Turnhalle im W\u00fcrzenbach statt.<\/p>\n<p>Zur Jumix-Riege geh\u00f6ren folgende Gruppen:<\/p>\n<p><span style=\"color: #ffffff;\">.<\/span><br \/>\n<strong>Muki-Turnen<\/strong><\/p>\n<p>Das Muki-Turnen richtet sich an 2.5 bis 4-j\u00e4hrige Kinder und ihre Eltern und findet jeweils am Dienstag von 15.30 Uhr bis 16.30 Uhr statt. Leider ist es nicht m\u00f6glich, j\u00fcngere oder \u00e4ltere Geschwister ins Muki-Turnen mitzunehmen, da es von den Aufgaben her nur f\u00fcr die Kinder passt, die in diesem Alter sind.<\/p>\n<p>Die Anmeldung gilt f\u00fcr das ganze Jahr, so dass das Kind in seinen Bewegungsabl\u00e4ufen Fortschritte machen kann. In erster Linie soll es dem Kind und seiner Begleitperson Spass machen und die Freude an der Bewegung vermitteln. Wir starten eine Woche nach den Sommerferien und freuen uns auf viele neue Gesichter. Auch ein Einsteigen unter dem Jahr ist jederzeit m\u00f6glich. Infos zur Durchf\u00fchrung werden gerne erteilt durch: <strong>filoreta(at)gmail.com<\/strong><\/p>\n<p><strong>\u00a0<\/strong><\/p>\n<p><strong>Kinderturnen:<\/strong><a href=\"https:\/\/www.btv.ch\/btv\/wp-content\/uploads\/2015\/02\/Jumix-1.jpg\"><img loading=\"lazy\" decoding=\"async\" class=\"size-medium wp-image-503 alignright\" src=\"https:\/\/www.btv.ch\/btv\/wp-content\/uploads\/2015\/02\/Jumix-1-201x300.jpg\" alt=\"_Jumix 1\" width=\"201\" height=\"300\" srcset=\"https:\/\/www.btv.ch\/btv\/wp-content\/uploads\/2015\/02\/Jumix-1-201x300.jpg 201w, https:\/\/www.btv.ch\/btv\/wp-content\/uploads\/2015\/02\/Jumix-1.jpg 599w\" sizes=\"auto, (max-width: 201px) 100vw, 201px\" \/><\/a><\/p>\n<p>Im Kinderturnen k\u00f6nnen 4 bis 6-j\u00e4hrige Kinder teilnehmen. Das Training findet jeweils am Montag von 16.30 Uhr bis 17.45 Uhr statt.<\/p>\n<p>Wir turnen in \u00dcbungslandschaften, was nicht nur Spass macht, sondern auch eine gute Herausforderung ist. Damit wird die Geschicklichkeit, das Gleichgewicht und andere koordinative F\u00e4higkeiten hervorragend geschult. Diese \u00dcbungen erg\u00e4nzen wir mit Spielen, bewegen uns zur Musik und verbringen auch mal eine Stunde im Freien \u2013 auf dem Eisfeld oder im Wald.<\/p>\n<p><strong><br \/>\nW\u00fcrzenbachriege:<\/strong><\/p>\n<p>Montags von 18.00 bis 19.15 Uhr k\u00f6nnen sich Kinder der 1.-3. Klasse mit Spielen, an Ger\u00e4ten, zu Musik, im Team, alleine und unter kompetenter Leitung bewegen, weiterentwickeln, wachsen und Spass haben. Das abwechslungsreiche Training erg\u00e4nzen wir mit Spezialturnstunden im Freien, im Wald, am und mit Wasser oder auch einmal auf dem Eisfeld.<\/p>\n<p>Interessierte Turnende und Leitende melden sich bei Fabienne Eicher<br \/>\n<span style=\"color: #ffffff;\">.<\/span><\/p>\n<p><strong>Pr\u00e4sidentin:<\/strong><br \/>\nFabienne Eicher:\u00a0\u00a0 \u00a0 \u00a0f.eicher(at)hotmail.com<br \/>\nTel.: 041 370 30 28<\/p>\n<p><strong>Mukiturnen:<\/strong><br \/>\nFilloreta Nreca-Nuaj:\u00a0 \u00a0filoreta(at)gmail.com<\/p>\n<p><strong>Kinderturnen:<\/strong><br \/>\nFabienne Eicher:\u00a0\u00a0 \u00a0 \u00a0f.eicher(at)hotmail.com<\/p>\n<p><strong>W\u00fcrzenbachriege:<\/strong><br \/>\nFabienne Eicher:\u00a0\u00a0 \u00a0 \u00a0f.eicher(at)hotmail.com<\/p>\n","protected":false},"excerpt":{"rendered":"<p>Die Jumix-Riege (Jugend-Mixed-Riege) wurde 1994 aus der M\u00e4dchen-T\u00f6chterriege und der Jugendriege gegr\u00fcndet. Unser Angebot richtet sich an Kinder von 2.5 bis 9 Jahren, die sich gerne spielerisch bewegen, neue Ger\u00e4te kennenlernen und den Breitensport des Turnens ausprobieren m\u00f6chten. Neben dem turnerischen Aspekt kommt auch die Kameradschaft und der Spass nicht zu kurz! Die Trainings aller Gruppen der Jumix finden jeweils [&#8230;]<\/p>\n","protected":false},"author":1,"featured_media":0,"parent":325,"menu_order":21,"comment_status":"closed","ping_status":"closed","template":"","meta":{"_monsterinsights_skip_tracking":false,"_monsterinsights_sitenote_active":false,"_monsterinsights_sitenote_note":"","_monsterinsights_sitenote_category":0,"footnotes":""},"class_list":["post-340","page","type-page","status-publish","hentry"],"_links":{"self":[{"href":"https:\/\/www.btv.ch\/btv\/index.php?rest_route=\/wp\/v2\/pages\/340","targetHints":{"allow":["GET"]}}],"collection":[{"href":"https:\/\/www.btv.ch\/btv\/index.php?rest_route=\/wp\/v2\/pages"}],"about":[{"href":"https:\/\/www.btv.ch\/btv\/index.php?rest_route=\/wp\/v2\/types\/page"}],"author":[{"embeddable":true,"href":"https:\/\/www.btv.ch\/btv\/index.php?rest_route=\/wp\/v2\/users\/1"}],"replies":[{"embeddable":true,"href":"https:\/\/www.btv.ch\/btv\/index.php?rest_route=%2Fwp%2Fv2%2Fcomments&post=340"}],"version-history":[{"count":0,"href":"https:\/\/www.btv.ch\/btv\/index.php?rest_route=\/wp\/v2\/pages\/340\/revisions"}],"up":[{"embeddable":true,"href":"https:\/\/www.btv.ch\/btv\/index.php?rest_route=\/wp\/v2\/pages\/325"}],"wp:attachment":[{"href":"https:\/\/www.btv.ch\/btv\/index.php?rest_route=%2Fwp%2Fv2%2Fmedia&parent=340"}],"curies":[{"name":"wp","href":"https:\/\/api.w.org\/{rel}","templated":true}]}}