{"id":342,"date":"2015-02-04T01:02:33","date_gmt":"2015-02-03T23:02:33","guid":{"rendered":"http:\/\/www.infonda.ch\/btv\/?page_id=342"},"modified":"2025-12-20T13:37:49","modified_gmt":"2025-12-20T11:37:49","slug":"kunst-geraeteturner","status":"publish","type":"page","link":"https:\/\/www.btv.ch\/btv\/?page_id=342","title":{"rendered":"Kunst- und Ger\u00e4teturner"},"content":{"rendered":"<div class=\"wp-block-image\">\n<figure class=\"alignright size-large is-resized\"><a href=\"https:\/\/www.btv.ch\/btv\/wp-content\/uploads\/2024\/03\/GETU-0779.jpg\"><img loading=\"lazy\" decoding=\"async\" width=\"1024\" height=\"577\" src=\"https:\/\/www.btv.ch\/btv\/wp-content\/uploads\/2024\/03\/GETU-0779-1024x577.jpg\" alt=\"\" class=\"wp-image-7365\" style=\"width:408px;height:auto\" srcset=\"https:\/\/www.btv.ch\/btv\/wp-content\/uploads\/2024\/03\/GETU-0779-1024x577.jpg 1024w, https:\/\/www.btv.ch\/btv\/wp-content\/uploads\/2024\/03\/GETU-0779-300x169.jpg 300w, https:\/\/www.btv.ch\/btv\/wp-content\/uploads\/2024\/03\/GETU-0779-768x433.jpg 768w, https:\/\/www.btv.ch\/btv\/wp-content\/uploads\/2024\/03\/GETU-0779.jpg 1127w\" sizes=\"auto, (max-width: 1024px) 100vw, 1024px\" \/><\/a><\/figure>\n<\/div>\n\n<p>Die Kunst- und Ger\u00e4teturner-Riege f\u00f6rdert den Leistungs- und Spitzensport ab Kindesalter.<\/p>\n<p>Die Anforderungen f\u00fcr das Kunst- und Ger\u00e4teturnen sind die gleichen:<\/p>\n<ul>\n<li>Schnellkraft<\/li>\n<li>Beweglichkeit<\/li>\n<li>Koordinationsf\u00e4higkeit<\/li>\n<li>Fleiss<\/li>\n<li>Ausdauer<\/li>\n<\/ul>\n<p>Das <strong>Kunstturnen<\/strong> erfordert ein intensives Trainingspensum. Geturnt wird an den Ger\u00e4ten Boden, Pferdpauschen, Ringe, Sprung, Barren und Reck. Die Turner nehmen an mehreren Einzel- und Mannschaftswettk\u00e4mpfen teil. Kunstturnen geh\u00f6rt zu den olympischen Disziplinen.<\/p>\n<p>Ab 4 Jahren (bix max 6 Jahren) nehmen wir bei den \u201eSaltolino\u201c die jungen Talente (Buben) f\u00fcr erste Schnupperkurse auf. Mit Spass sollen koordinative Bewegungsabl\u00e4ufe gef\u00f6rdert und an einzelnen Ger\u00e4ten Turn-Luft geschnuppert werden.<\/p>\n<p>Trainingsort:\u00a0 Bramberg Turnhalle, Luzern<br \/><strong>F\u00fcr Fragen: Bruno Nietlispach \/ Tel. 079 261 98 94<\/strong><\/p>\n<p>Das <strong>Ger\u00e4teturnen<\/strong> fordert weniger Trainingseinheiten und kann als Breiten- aber auch als Leistungssport betrieben werden. An den Ger\u00e4ten Boden, Schaukelringe, Minitrampolin, Barren und Reck werden im 5-Kampf mehrere Wettk\u00e4mpfe j\u00e4hrlich ausgetragen. Saisonh\u00f6hepunkte sind die Mannschafts- und Einzelturn-Schweizermeisterschaften im Herbst.<\/p>\n<p>Ab 6 Jahren nehmen wir die jungen Talente (Buben) nach einer Aufnahmepr\u00fcfung in die Ger\u00e4teturnriege auf. Die Aufnahmepr\u00fcfung findet jedes Jahr vor den Sommerferien statt.<\/p>\n<p class=\"v1MsoNormal\">________________________________________________<\/p>\n<p class=\"v1MsoNormal\"><i>Die <strong>Eignungsabkl\u00e4rung<\/strong>\u00a0findet wie folgt statt:<\/i><\/p>\n<p class=\"v1MsoNormal\"><b><i>Datum<\/i><\/b><i>: Mittwoch, 24.06.2026\u00a0<br \/><b>Zeit<\/b>: 18:00 &#8211; 20:00 Uhr<br \/><b>Ort<\/b>: Utenbergstrasse 1, 6006 Luzern\u00a0(<a href=\"https:\/\/g.co\/kgs\/EHsyMkX\">https:\/\/g.co\/kgs\/EHsyMkX<\/a>)<\/i><\/p>\n<p><strong><span style=\"color: #0000ff;\"><a style=\"color: #0000ff;\" href=\"https:\/\/forms.office.com\/e\/Ke2JAbqU6W\" target=\"_blank\" rel=\"noopener noreferrer\">Anmeldung Eignungsabkl\u00e4rung Ger\u00e4teturnen 2026<\/a><\/span><\/strong><\/p>\n<p class=\"v1MsoNormal\"><i>Alle weiteren Informationen erhalten Sie sp\u00e4testens eine Woche vor der Durchf\u00fchrung.<\/i><\/p>\n<p class=\"v1MsoNormal\">___________________________________________________<\/p>\n<p>Trainingsort:\u00a0 Utenberg Turnhalle, Luzern<br \/>Zeit: Montag &amp; Freitag 18:00 \u2013 20:00 Uhr<br \/><strong>F\u00fcr Fragen: Kilian Notter \/ Tel. 079 586 93 60<\/strong>.<\/p>\n<p><strong><br \/>\u00dcber 100 Jahre Kunstturnen BTV Luzern<a href=\"https:\/\/www.btv.ch\/btv\/wp-content\/uploads\/2017\/11\/Sammelmappe_Jubilaeumsbuch-KUTU-1.pdf\" target=\"_blank\" rel=\"noopener noreferrer\"><img loading=\"lazy\" decoding=\"async\" class=\"size-medium wp-image-3241 alignright\" src=\"https:\/\/www.btv.ch\/btv\/wp-content\/uploads\/2017\/11\/Jubilaeumsbuch-KUTU_1-1-300x169.jpg\" alt=\"\" width=\"300\" height=\"169\" srcset=\"https:\/\/www.btv.ch\/btv\/wp-content\/uploads\/2017\/11\/Jubilaeumsbuch-KUTU_1-1-300x169.jpg 300w, https:\/\/www.btv.ch\/btv\/wp-content\/uploads\/2017\/11\/Jubilaeumsbuch-KUTU_1-1-768x432.jpg 768w, https:\/\/www.btv.ch\/btv\/wp-content\/uploads\/2017\/11\/Jubilaeumsbuch-KUTU_1-1-1024x576.jpg 1024w, https:\/\/www.btv.ch\/btv\/wp-content\/uploads\/2017\/11\/Jubilaeumsbuch-KUTU_1-1.jpg 1920w\" sizes=\"auto, (max-width: 300px) 100vw, 300px\" \/><\/a><br \/><\/strong>D<span style=\"color: #000000;\">ie Kunstturnriege wurde 1917 gegr\u00fcndet und 1985 mit der Ger\u00e4teturnriege erweitert.<\/span><br \/><span style=\"color: #000000;\">Mit diversen nationalen und internationalen Medaillen geh\u00f6rt unsere Riege schweizweit zu den erfolgreichsten Turnvereinen.<br \/>Siehe Dokumentation:<\/span><\/p>\n<p><span style=\"color: #ffffff;\">Mit diversen nationalen und internationalen Medaillen geh\u00f6rt unsere Riege schweizweit zu den erfolgreichsten Turnvereinen.<\/span><\/p>\n\n\n<p><strong>Pr\u00e4sident:<\/strong><br>Kilian Notter&nbsp;&nbsp;&nbsp;&nbsp;&nbsp;&nbsp;&nbsp;&nbsp;&nbsp;&nbsp;&nbsp;&nbsp;          &nbsp;&nbsp; &nbsp;kilian.notter(at)btv-getu.ch<br>Tel.: 079 586 93 60<\/p>\n\n\n\n<p><strong>Kunstturnen, Technische Leitung \/ Nachwuchs Saltolino:<\/strong><br>Bruno Nietlispach&nbsp;&nbsp;&nbsp;&nbsp;&nbsp;&nbsp;&nbsp;&nbsp;&nbsp;&nbsp; b.nietlispach(at)bluewin.ch<br>Tel.: 041 370 83 74 \/ 079 261 98 94<\/p>\n\n\n\n<p><\/p>\n\n\n\n<figure class=\"wp-block-gallery has-nested-images columns-default is-cropped wp-block-gallery-1 is-layout-flex wp-block-gallery-is-layout-flex\">\n<figure class=\"wp-block-image size-large\"><a href=\"https:\/\/www.btv.ch\/btv\/wp-content\/uploads\/2024\/03\/GETU-4366.jpg\" target=\"_blank\" rel=\"noopener\"><img loading=\"lazy\" decoding=\"async\" width=\"593\" height=\"791\" data-id=\"7363\" src=\"https:\/\/www.btv.ch\/btv\/wp-content\/uploads\/2024\/03\/GETU-4366.jpg\" alt=\"\" class=\"wp-image-7363\" srcset=\"https:\/\/www.btv.ch\/btv\/wp-content\/uploads\/2024\/03\/GETU-4366.jpg 593w, https:\/\/www.btv.ch\/btv\/wp-content\/uploads\/2024\/03\/GETU-4366-225x300.jpg 225w\" sizes=\"auto, (max-width: 593px) 100vw, 593px\" \/><\/a><\/figure>\n\n\n\n<figure class=\"wp-block-image size-large\"><a href=\"https:\/\/www.btv.ch\/btv\/wp-content\/uploads\/2024\/03\/GETU-4732.jpg\" target=\"_blank\" rel=\"noopener\"><img loading=\"lazy\" decoding=\"async\" width=\"692\" height=\"923\" data-id=\"7364\" src=\"https:\/\/www.btv.ch\/btv\/wp-content\/uploads\/2024\/03\/GETU-4732.jpg\" alt=\"\" class=\"wp-image-7364\" srcset=\"https:\/\/www.btv.ch\/btv\/wp-content\/uploads\/2024\/03\/GETU-4732.jpg 692w, https:\/\/www.btv.ch\/btv\/wp-content\/uploads\/2024\/03\/GETU-4732-225x300.jpg 225w\" sizes=\"auto, (max-width: 692px) 100vw, 692px\" \/><\/a><\/figure>\n\n\n\n<figure class=\"wp-block-image size-large\"><a href=\"https:\/\/www.btv.ch\/btv\/wp-content\/uploads\/2024\/03\/GETU-3197.jpg\" target=\"_blank\" rel=\"noopener\"><img loading=\"lazy\" decoding=\"async\" width=\"745\" height=\"994\" data-id=\"7362\" src=\"https:\/\/www.btv.ch\/btv\/wp-content\/uploads\/2024\/03\/GETU-3197.jpg\" alt=\"\" class=\"wp-image-7362\" srcset=\"https:\/\/www.btv.ch\/btv\/wp-content\/uploads\/2024\/03\/GETU-3197.jpg 745w, https:\/\/www.btv.ch\/btv\/wp-content\/uploads\/2024\/03\/GETU-3197-225x300.jpg 225w\" sizes=\"auto, (max-width: 745px) 100vw, 745px\" \/><\/a><\/figure>\n<\/figure>\n","protected":false},"excerpt":{"rendered":"<p>Die Kunst- und Ger\u00e4teturner-Riege f\u00f6rdert den Leistungs- und Spitzensport ab Kindesalter. Die Anforderungen f\u00fcr das Kunst- und Ger\u00e4teturnen sind die gleichen: Schnellkraft Beweglichkeit Koordinationsf\u00e4higkeit Fleiss Ausdauer Das Kunstturnen erfordert ein intensives Trainingspensum. Geturnt wird an den Ger\u00e4ten Boden, Pferdpauschen, Ringe, Sprung, Barren und Reck. Die Turner nehmen an mehreren Einzel- und Mannschaftswettk\u00e4mpfen teil. Kunstturnen geh\u00f6rt zu den olympischen Disziplinen. Ab [&#8230;]<\/p>\n","protected":false},"author":1,"featured_media":0,"parent":325,"menu_order":23,"comment_status":"closed","ping_status":"closed","template":"","meta":{"_monsterinsights_skip_tracking":false,"_monsterinsights_sitenote_active":false,"_monsterinsights_sitenote_note":"","_monsterinsights_sitenote_category":0,"footnotes":""},"class_list":["post-342","page","type-page","status-publish","hentry"],"_links":{"self":[{"href":"https:\/\/www.btv.ch\/btv\/index.php?rest_route=\/wp\/v2\/pages\/342","targetHints":{"allow":["GET"]}}],"collection":[{"href":"https:\/\/www.btv.ch\/btv\/index.php?rest_route=\/wp\/v2\/pages"}],"about":[{"href":"https:\/\/www.btv.ch\/btv\/index.php?rest_route=\/wp\/v2\/types\/page"}],"author":[{"embeddable":true,"href":"https:\/\/www.btv.ch\/btv\/index.php?rest_route=\/wp\/v2\/users\/1"}],"replies":[{"embeddable":true,"href":"https:\/\/www.btv.ch\/btv\/index.php?rest_route=%2Fwp%2Fv2%2Fcomments&post=342"}],"version-history":[{"count":0,"href":"https:\/\/www.btv.ch\/btv\/index.php?rest_route=\/wp\/v2\/pages\/342\/revisions"}],"up":[{"embeddable":true,"href":"https:\/\/www.btv.ch\/btv\/index.php?rest_route=\/wp\/v2\/pages\/325"}],"wp:attachment":[{"href":"https:\/\/www.btv.ch\/btv\/index.php?rest_route=%2Fwp%2Fv2%2Fmedia&parent=342"}],"curies":[{"name":"wp","href":"https:\/\/api.w.org\/{rel}","templated":true}]}}