{"id":90,"date":"2014-12-01T21:04:45","date_gmt":"2014-12-01T19:04:45","guid":{"rendered":"http:\/\/www.infonda.ch\/btv\/?page_id=90"},"modified":"2026-04-12T13:27:04","modified_gmt":"2026-04-12T11:27:04","slug":"vereinsturntag","status":"publish","type":"page","link":"https:\/\/www.btv.ch\/btv\/?page_id=90","title":{"rendered":"Vereinsturntag"},"content":{"rendered":"<p style=\"text-align: left;\"><a href=\"https:\/\/www.btv.ch\/btv\/wp-content\/uploads\/2023\/05\/VTT2023-4144.jpg\" target=\"_blank\" rel=\"noopener\"><img loading=\"lazy\" decoding=\"async\" class=\"alignright wp-image-6842 size-medium\" src=\"https:\/\/www.btv.ch\/btv\/wp-content\/uploads\/2023\/05\/VTT2023-4144-300x153.jpg\" alt=\"\" width=\"300\" height=\"153\" srcset=\"https:\/\/www.btv.ch\/btv\/wp-content\/uploads\/2023\/05\/VTT2023-4144-300x153.jpg 300w, https:\/\/www.btv.ch\/btv\/wp-content\/uploads\/2023\/05\/VTT2023-4144-768x391.jpg 768w, https:\/\/www.btv.ch\/btv\/wp-content\/uploads\/2023\/05\/VTT2023-4144.jpg 858w\" sizes=\"auto, (max-width: 300px) 100vw, 300px\" \/><\/a><\/p>\n<p>Traditionell am Auffahrts-Donnerstag findet der BTV-Vereinsturntag in der <strong>Turnhalle Utenberg, Luzern<\/strong> statt.<\/p>\n<p>Dieser Anlass pr\u00e4sentiert die turnerische Vielfalt des BTV Luzern. In gem\u00fctlicher und lockerer Atmosph\u00e4re erh\u00e4lt der Besucher Einblick in die Vielfalt der Riegen und es k\u00f6nnen Freundschaften gepflegt sowie neue Bekanntschaften geschlossen werden.<\/p>\n<p>Die gen\u00fcssliche Festwirtschaft l\u00e4dt den ganzen Tag zum herzhaften Verweilen und Verpflegen ein. Beim Mittagessen oder bei Kaffee und Kuchen kann geplaudert und Sportgeschichten erz\u00e4hlt werden.<\/p>\n<p style=\"text-align: left;\">Am Morgen zeigen einzelne Riegen ab 8.30 Uhr ihr K\u00f6nnen und Eindr\u00fccke aus dem Trainingsalltag. Das attraktive Showprogramm am Nachmittag ab 14 Uhr rundet den Tag ab.<\/p>\n<p><strong>Wichtiger Hinweis: Auf Grund der aktuellen Baustelle stehen die Parkpl\u00e4tze nur eingeschr\u00e4nkt zur Verf\u00fcgung. Das Wohnquartier darf nicht befahren werden. Daher bitten wir um die Anreise mit dem \u00d6V.<\/strong><\/p>\n<p><strong><br \/>Tagesprogramm Do. 14. Mai 2026:<\/strong><\/p>\n<p>8:30 Uhr bis 11:30 Uhr Spielturnier Volleyball\/Faustball (Halle 3)<\/p>\n<p>8:50 Uhr bis 11:00 Uhr Wettkampf Ger\u00e4teturnen (Halle 1\/2)<\/p>\n<p><span style=\"font-size: 1rem;\">\u00a0 \u00a0 \u00a0-&gt; Teamwettkampf mit 4er-Teams in 2 Durchg\u00e4ngen (Boden, Ring, Sprung, Reck)<\/span><\/p>\n<p>Ab 14:00 Uhr Showprogramm<\/p>\n<p><span style=\"font-size: 1rem;\">\u00a0 \u00a0 \u00a0-&gt;Beteiligte Riegen: Ger\u00e4teturnerinnen, Ger\u00e4teturner, Jodler, Kunstturnerinnen, Kunstturner, Turnleistungszentrum TLZ<\/span><\/p>\n<p>Wir freuen uns auf einen sportlichen und gem\u00fctlichen Tag und laden alle herzlich dazu ein.<\/p>\n<p style=\"text-align: justify;\">Einige Impressionen vom vergangenen Vereinsturntag:<\/p>\n\n\n<figure class=\"wp-block-gallery has-nested-images columns-5 is-cropped wp-block-gallery-1 is-layout-flex wp-block-gallery-is-layout-flex\">\n<figure class=\"wp-block-image size-large\"><a href=\"https:\/\/www.btv.ch\/btv\/wp-content\/uploads\/2023\/05\/VTT2023-4024.jpg\" target=\"_blank\" rel=\"noopener\"><img loading=\"lazy\" decoding=\"async\" width=\"558\" height=\"744\" data-id=\"6841\" src=\"https:\/\/www.btv.ch\/btv\/wp-content\/uploads\/2023\/05\/VTT2023-4024.jpg\" alt=\"\" class=\"wp-image-6841\" srcset=\"https:\/\/www.btv.ch\/btv\/wp-content\/uploads\/2023\/05\/VTT2023-4024.jpg 558w, https:\/\/www.btv.ch\/btv\/wp-content\/uploads\/2023\/05\/VTT2023-4024-225x300.jpg 225w\" sizes=\"auto, (max-width: 558px) 100vw, 558px\" \/><\/a><\/figure>\n\n\n\n<figure class=\"wp-block-image size-large\"><a href=\"https:\/\/www.btv.ch\/btv\/wp-content\/uploads\/2023\/05\/VTT2023-3888.jpg\" target=\"_blank\" rel=\"noopener\"><img loading=\"lazy\" decoding=\"async\" width=\"763\" height=\"573\" data-id=\"6839\" src=\"https:\/\/www.btv.ch\/btv\/wp-content\/uploads\/2023\/05\/VTT2023-3888.jpg\" alt=\"\" class=\"wp-image-6839\" srcset=\"https:\/\/www.btv.ch\/btv\/wp-content\/uploads\/2023\/05\/VTT2023-3888.jpg 763w, https:\/\/www.btv.ch\/btv\/wp-content\/uploads\/2023\/05\/VTT2023-3888-300x225.jpg 300w\" sizes=\"auto, (max-width: 763px) 100vw, 763px\" \/><\/a><\/figure>\n\n\n\n<figure class=\"wp-block-image size-large\"><a href=\"https:\/\/www.btv.ch\/btv\/wp-content\/uploads\/2023\/05\/VTT2023-4404.jpg\" target=\"_blank\" rel=\"noopener\"><img loading=\"lazy\" decoding=\"async\" width=\"883\" height=\"662\" data-id=\"6846\" src=\"https:\/\/www.btv.ch\/btv\/wp-content\/uploads\/2023\/05\/VTT2023-4404.jpg\" alt=\"\" class=\"wp-image-6846\" srcset=\"https:\/\/www.btv.ch\/btv\/wp-content\/uploads\/2023\/05\/VTT2023-4404.jpg 883w, https:\/\/www.btv.ch\/btv\/wp-content\/uploads\/2023\/05\/VTT2023-4404-300x225.jpg 300w, https:\/\/www.btv.ch\/btv\/wp-content\/uploads\/2023\/05\/VTT2023-4404-768x576.jpg 768w\" sizes=\"auto, (max-width: 883px) 100vw, 883px\" \/><\/a><\/figure>\n\n\n\n<figure class=\"wp-block-image size-large\"><a href=\"https:\/\/www.btv.ch\/btv\/wp-content\/uploads\/2023\/05\/VTT2023-4557.jpg\" target=\"_blank\" rel=\"noopener\"><img loading=\"lazy\" decoding=\"async\" width=\"570\" height=\"760\" data-id=\"6847\" src=\"https:\/\/www.btv.ch\/btv\/wp-content\/uploads\/2023\/05\/VTT2023-4557.jpg\" alt=\"\" class=\"wp-image-6847\" srcset=\"https:\/\/www.btv.ch\/btv\/wp-content\/uploads\/2023\/05\/VTT2023-4557.jpg 570w, https:\/\/www.btv.ch\/btv\/wp-content\/uploads\/2023\/05\/VTT2023-4557-225x300.jpg 225w\" sizes=\"auto, (max-width: 570px) 100vw, 570px\" \/><\/a><\/figure>\n\n\n\n<figure class=\"wp-block-image size-large\"><a href=\"https:\/\/www.btv.ch\/btv\/wp-content\/uploads\/2023\/05\/VTT2023-2.jpg\" target=\"_blank\" rel=\"noopener\"><img loading=\"lazy\" decoding=\"async\" width=\"1024\" height=\"660\" data-id=\"6850\" src=\"https:\/\/www.btv.ch\/btv\/wp-content\/uploads\/2023\/05\/VTT2023-2-1024x660.jpg\" alt=\"\" class=\"wp-image-6850\" srcset=\"https:\/\/www.btv.ch\/btv\/wp-content\/uploads\/2023\/05\/VTT2023-2-1024x660.jpg 1024w, https:\/\/www.btv.ch\/btv\/wp-content\/uploads\/2023\/05\/VTT2023-2-300x193.jpg 300w, https:\/\/www.btv.ch\/btv\/wp-content\/uploads\/2023\/05\/VTT2023-2-768x495.jpg 768w, https:\/\/www.btv.ch\/btv\/wp-content\/uploads\/2023\/05\/VTT2023-2.jpg 1039w\" sizes=\"auto, (max-width: 1024px) 100vw, 1024px\" \/><\/a><\/figure>\n\n\n\n<figure class=\"wp-block-image size-large\"><a href=\"https:\/\/www.btv.ch\/btv\/wp-content\/uploads\/2023\/05\/VTT2023-1.jpg\" target=\"_blank\" rel=\"noopener\"><img loading=\"lazy\" decoding=\"async\" width=\"587\" height=\"522\" data-id=\"6849\" src=\"https:\/\/www.btv.ch\/btv\/wp-content\/uploads\/2023\/05\/VTT2023-1.jpg\" alt=\"\" class=\"wp-image-6849\" srcset=\"https:\/\/www.btv.ch\/btv\/wp-content\/uploads\/2023\/05\/VTT2023-1.jpg 587w, https:\/\/www.btv.ch\/btv\/wp-content\/uploads\/2023\/05\/VTT2023-1-300x267.jpg 300w\" sizes=\"auto, (max-width: 587px) 100vw, 587px\" \/><\/a><\/figure>\n\n\n\n<figure class=\"wp-block-image size-large\"><a href=\"https:\/\/www.btv.ch\/btv\/wp-content\/uploads\/2023\/05\/VTT2023-4329.jpg\" target=\"_blank\" rel=\"noopener\"><img loading=\"lazy\" decoding=\"async\" width=\"741\" height=\"987\" data-id=\"6844\" src=\"https:\/\/www.btv.ch\/btv\/wp-content\/uploads\/2023\/05\/VTT2023-4329.jpg\" alt=\"\" class=\"wp-image-6844\" srcset=\"https:\/\/www.btv.ch\/btv\/wp-content\/uploads\/2023\/05\/VTT2023-4329.jpg 741w, https:\/\/www.btv.ch\/btv\/wp-content\/uploads\/2023\/05\/VTT2023-4329-225x300.jpg 225w\" sizes=\"auto, (max-width: 741px) 100vw, 741px\" \/><\/a><\/figure>\n\n\n\n<figure class=\"wp-block-image size-large\"><a href=\"https:\/\/www.btv.ch\/btv\/wp-content\/uploads\/2023\/05\/VTT2023-4206.jpg\" target=\"_blank\" rel=\"noopener\"><img loading=\"lazy\" decoding=\"async\" width=\"895\" height=\"672\" data-id=\"6843\" src=\"https:\/\/www.btv.ch\/btv\/wp-content\/uploads\/2023\/05\/VTT2023-4206.jpg\" alt=\"\" class=\"wp-image-6843\" srcset=\"https:\/\/www.btv.ch\/btv\/wp-content\/uploads\/2023\/05\/VTT2023-4206.jpg 895w, https:\/\/www.btv.ch\/btv\/wp-content\/uploads\/2023\/05\/VTT2023-4206-300x225.jpg 300w, https:\/\/www.btv.ch\/btv\/wp-content\/uploads\/2023\/05\/VTT2023-4206-768x577.jpg 768w\" sizes=\"auto, (max-width: 895px) 100vw, 895px\" \/><\/a><\/figure>\n\n\n\n<figure class=\"wp-block-image size-large\"><a href=\"https:\/\/www.btv.ch\/btv\/wp-content\/uploads\/2023\/05\/VTT2023-4370.jpg\" target=\"_blank\" rel=\"noopener\"><img loading=\"lazy\" decoding=\"async\" width=\"945\" height=\"709\" data-id=\"6845\" src=\"https:\/\/www.btv.ch\/btv\/wp-content\/uploads\/2023\/05\/VTT2023-4370.jpg\" alt=\"\" class=\"wp-image-6845\" srcset=\"https:\/\/www.btv.ch\/btv\/wp-content\/uploads\/2023\/05\/VTT2023-4370.jpg 945w, https:\/\/www.btv.ch\/btv\/wp-content\/uploads\/2023\/05\/VTT2023-4370-300x225.jpg 300w, https:\/\/www.btv.ch\/btv\/wp-content\/uploads\/2023\/05\/VTT2023-4370-768x576.jpg 768w\" sizes=\"auto, (max-width: 945px) 100vw, 945px\" \/><\/a><\/figure>\n\n\n\n<figure class=\"wp-block-image size-large\"><a href=\"https:\/\/www.btv.ch\/btv\/wp-content\/uploads\/2023\/05\/VTT2023-3644.jpg\" target=\"_blank\" rel=\"noopener\"><img loading=\"lazy\" decoding=\"async\" width=\"694\" height=\"925\" data-id=\"6835\" src=\"https:\/\/www.btv.ch\/btv\/wp-content\/uploads\/2023\/05\/VTT2023-3644.jpg\" alt=\"\" class=\"wp-image-6835\" srcset=\"https:\/\/www.btv.ch\/btv\/wp-content\/uploads\/2023\/05\/VTT2023-3644.jpg 694w, https:\/\/www.btv.ch\/btv\/wp-content\/uploads\/2023\/05\/VTT2023-3644-225x300.jpg 225w\" sizes=\"auto, (max-width: 694px) 100vw, 694px\" \/><\/a><\/figure>\n\n\n\n<figure class=\"wp-block-image size-large\"><a href=\"https:\/\/www.btv.ch\/btv\/wp-content\/uploads\/2023\/05\/VTT2023-3473.jpg\" target=\"_blank\" rel=\"noopener\"><img loading=\"lazy\" decoding=\"async\" width=\"621\" height=\"828\" data-id=\"6833\" src=\"https:\/\/www.btv.ch\/btv\/wp-content\/uploads\/2023\/05\/VTT2023-3473.jpg\" alt=\"\" class=\"wp-image-6833\" srcset=\"https:\/\/www.btv.ch\/btv\/wp-content\/uploads\/2023\/05\/VTT2023-3473.jpg 621w, https:\/\/www.btv.ch\/btv\/wp-content\/uploads\/2023\/05\/VTT2023-3473-225x300.jpg 225w\" sizes=\"auto, (max-width: 621px) 100vw, 621px\" \/><\/a><\/figure>\n\n\n\n<figure class=\"wp-block-image size-large\"><a href=\"https:\/\/www.btv.ch\/btv\/wp-content\/uploads\/2023\/05\/VTT2023-3586.jpg\" target=\"_blank\" rel=\"noopener\"><img loading=\"lazy\" decoding=\"async\" width=\"846\" height=\"635\" data-id=\"6834\" src=\"https:\/\/www.btv.ch\/btv\/wp-content\/uploads\/2023\/05\/VTT2023-3586.jpg\" alt=\"\" class=\"wp-image-6834\" srcset=\"https:\/\/www.btv.ch\/btv\/wp-content\/uploads\/2023\/05\/VTT2023-3586.jpg 846w, https:\/\/www.btv.ch\/btv\/wp-content\/uploads\/2023\/05\/VTT2023-3586-300x225.jpg 300w, https:\/\/www.btv.ch\/btv\/wp-content\/uploads\/2023\/05\/VTT2023-3586-768x576.jpg 768w\" sizes=\"auto, (max-width: 846px) 100vw, 846px\" \/><\/a><\/figure>\n\n\n\n<figure class=\"wp-block-image size-large\"><a href=\"https:\/\/www.btv.ch\/btv\/wp-content\/uploads\/2023\/05\/VTT2023-3176.jpg\" target=\"_blank\" rel=\"noopener\"><img loading=\"lazy\" decoding=\"async\" width=\"1024\" height=\"663\" data-id=\"6829\" src=\"https:\/\/www.btv.ch\/btv\/wp-content\/uploads\/2023\/05\/VTT2023-3176-1024x663.jpg\" alt=\"\" class=\"wp-image-6829\" srcset=\"https:\/\/www.btv.ch\/btv\/wp-content\/uploads\/2023\/05\/VTT2023-3176-1024x663.jpg 1024w, https:\/\/www.btv.ch\/btv\/wp-content\/uploads\/2023\/05\/VTT2023-3176-300x194.jpg 300w, https:\/\/www.btv.ch\/btv\/wp-content\/uploads\/2023\/05\/VTT2023-3176-768x497.jpg 768w, https:\/\/www.btv.ch\/btv\/wp-content\/uploads\/2023\/05\/VTT2023-3176.jpg 1139w\" sizes=\"auto, (max-width: 1024px) 100vw, 1024px\" \/><\/a><\/figure>\n\n\n\n<figure class=\"wp-block-image size-large\"><a href=\"https:\/\/www.btv.ch\/btv\/wp-content\/uploads\/2023\/05\/VTT2023-3426.jpg\" target=\"_blank\" rel=\"noopener\"><img loading=\"lazy\" decoding=\"async\" width=\"1024\" height=\"768\" data-id=\"6832\" src=\"https:\/\/www.btv.ch\/btv\/wp-content\/uploads\/2023\/05\/VTT2023-3426-1024x768.jpg\" alt=\"\" class=\"wp-image-6832\" srcset=\"https:\/\/www.btv.ch\/btv\/wp-content\/uploads\/2023\/05\/VTT2023-3426-1024x768.jpg 1024w, https:\/\/www.btv.ch\/btv\/wp-content\/uploads\/2023\/05\/VTT2023-3426-300x225.jpg 300w, https:\/\/www.btv.ch\/btv\/wp-content\/uploads\/2023\/05\/VTT2023-3426-768x576.jpg 768w, https:\/\/www.btv.ch\/btv\/wp-content\/uploads\/2023\/05\/VTT2023-3426.jpg 1078w\" sizes=\"auto, (max-width: 1024px) 100vw, 1024px\" \/><\/a><\/figure>\n\n\n\n<figure class=\"wp-block-image size-large\"><a href=\"https:\/\/www.btv.ch\/btv\/wp-content\/uploads\/2023\/05\/VTT2023-3308.jpg\" target=\"_blank\" rel=\"noopener\"><img loading=\"lazy\" decoding=\"async\" width=\"867\" height=\"650\" data-id=\"6831\" src=\"https:\/\/www.btv.ch\/btv\/wp-content\/uploads\/2023\/05\/VTT2023-3308.jpg\" alt=\"\" class=\"wp-image-6831\" srcset=\"https:\/\/www.btv.ch\/btv\/wp-content\/uploads\/2023\/05\/VTT2023-3308.jpg 867w, https:\/\/www.btv.ch\/btv\/wp-content\/uploads\/2023\/05\/VTT2023-3308-300x225.jpg 300w, https:\/\/www.btv.ch\/btv\/wp-content\/uploads\/2023\/05\/VTT2023-3308-768x576.jpg 768w\" sizes=\"auto, (max-width: 867px) 100vw, 867px\" \/><\/a><\/figure>\n\n\n\n<figure class=\"wp-block-image size-large\"><a href=\"https:\/\/www.btv.ch\/btv\/wp-content\/uploads\/2023\/05\/VTT2023-3035.jpg\" target=\"_blank\" rel=\"noopener\"><img loading=\"lazy\" decoding=\"async\" width=\"917\" height=\"688\" data-id=\"6828\" src=\"https:\/\/www.btv.ch\/btv\/wp-content\/uploads\/2023\/05\/VTT2023-3035.jpg\" alt=\"\" class=\"wp-image-6828\" srcset=\"https:\/\/www.btv.ch\/btv\/wp-content\/uploads\/2023\/05\/VTT2023-3035.jpg 917w, https:\/\/www.btv.ch\/btv\/wp-content\/uploads\/2023\/05\/VTT2023-3035-300x225.jpg 300w, https:\/\/www.btv.ch\/btv\/wp-content\/uploads\/2023\/05\/VTT2023-3035-768x576.jpg 768w\" sizes=\"auto, (max-width: 917px) 100vw, 917px\" \/><\/a><\/figure>\n\n\n\n<figure class=\"wp-block-image size-large\"><a href=\"https:\/\/www.btv.ch\/btv\/wp-content\/uploads\/2023\/05\/VTT2023-3710.jpg\" target=\"_blank\" rel=\"noopener\"><img loading=\"lazy\" decoding=\"async\" width=\"472\" height=\"630\" data-id=\"6836\" src=\"https:\/\/www.btv.ch\/btv\/wp-content\/uploads\/2023\/05\/VTT2023-3710.jpg\" alt=\"\" class=\"wp-image-6836\" srcset=\"https:\/\/www.btv.ch\/btv\/wp-content\/uploads\/2023\/05\/VTT2023-3710.jpg 472w, https:\/\/www.btv.ch\/btv\/wp-content\/uploads\/2023\/05\/VTT2023-3710-225x300.jpg 225w\" sizes=\"auto, (max-width: 472px) 100vw, 472px\" \/><\/a><\/figure>\n\n\n\n<figure class=\"wp-block-image size-large\"><a href=\"https:\/\/www.btv.ch\/btv\/wp-content\/uploads\/2023\/05\/VTT2023-3796.jpg\" target=\"_blank\" rel=\"noopener\"><img loading=\"lazy\" decoding=\"async\" width=\"965\" height=\"724\" data-id=\"6838\" src=\"https:\/\/www.btv.ch\/btv\/wp-content\/uploads\/2023\/05\/VTT2023-3796.jpg\" alt=\"\" class=\"wp-image-6838\" srcset=\"https:\/\/www.btv.ch\/btv\/wp-content\/uploads\/2023\/05\/VTT2023-3796.jpg 965w, https:\/\/www.btv.ch\/btv\/wp-content\/uploads\/2023\/05\/VTT2023-3796-300x225.jpg 300w, https:\/\/www.btv.ch\/btv\/wp-content\/uploads\/2023\/05\/VTT2023-3796-768x576.jpg 768w\" sizes=\"auto, (max-width: 965px) 100vw, 965px\" \/><\/a><\/figure>\n\n\n\n<figure class=\"wp-block-image size-large\"><a href=\"https:\/\/www.btv.ch\/btv\/wp-content\/uploads\/2023\/05\/VTT2023-3896.jpg\" target=\"_blank\" rel=\"noopener\"><img loading=\"lazy\" decoding=\"async\" width=\"870\" height=\"653\" data-id=\"6840\" src=\"https:\/\/www.btv.ch\/btv\/wp-content\/uploads\/2023\/05\/VTT2023-3896.jpg\" alt=\"\" class=\"wp-image-6840\" srcset=\"https:\/\/www.btv.ch\/btv\/wp-content\/uploads\/2023\/05\/VTT2023-3896.jpg 870w, https:\/\/www.btv.ch\/btv\/wp-content\/uploads\/2023\/05\/VTT2023-3896-300x225.jpg 300w, https:\/\/www.btv.ch\/btv\/wp-content\/uploads\/2023\/05\/VTT2023-3896-768x576.jpg 768w\" sizes=\"auto, (max-width: 870px) 100vw, 870px\" \/><\/a><\/figure>\n\n\n\n<figure class=\"wp-block-image size-large\"><a href=\"https:\/\/www.btv.ch\/btv\/wp-content\/uploads\/2023\/05\/VTT2023-4787.jpg\" target=\"_blank\" rel=\"noopener\"><img loading=\"lazy\" decoding=\"async\" width=\"779\" height=\"584\" data-id=\"6848\" src=\"https:\/\/www.btv.ch\/btv\/wp-content\/uploads\/2023\/05\/VTT2023-4787.jpg\" alt=\"\" class=\"wp-image-6848\" srcset=\"https:\/\/www.btv.ch\/btv\/wp-content\/uploads\/2023\/05\/VTT2023-4787.jpg 779w, https:\/\/www.btv.ch\/btv\/wp-content\/uploads\/2023\/05\/VTT2023-4787-300x225.jpg 300w, https:\/\/www.btv.ch\/btv\/wp-content\/uploads\/2023\/05\/VTT2023-4787-768x576.jpg 768w\" sizes=\"auto, (max-width: 779px) 100vw, 779px\" \/><\/a><\/figure>\n<\/figure>\n","protected":false},"excerpt":{"rendered":"<p>Traditionell am Auffahrts-Donnerstag findet der BTV-Vereinsturntag in der Turnhalle Utenberg, Luzern statt. Dieser Anlass pr\u00e4sentiert die turnerische Vielfalt des BTV Luzern. In gem\u00fctlicher und lockerer Atmosph\u00e4re erh\u00e4lt der Besucher Einblick in die Vielfalt der Riegen und es k\u00f6nnen Freundschaften gepflegt sowie neue Bekanntschaften geschlossen werden. Die gen\u00fcssliche Festwirtschaft l\u00e4dt den ganzen Tag zum herzhaften Verweilen und Verpflegen ein. Beim Mittagessen [&#8230;]<\/p>\n","protected":false},"author":1,"featured_media":0,"parent":38,"menu_order":16,"comment_status":"closed","ping_status":"closed","template":"","meta":{"_monsterinsights_skip_tracking":false,"_monsterinsights_sitenote_active":false,"_monsterinsights_sitenote_note":"","_monsterinsights_sitenote_category":0,"footnotes":""},"class_list":["post-90","page","type-page","status-publish","hentry"],"_links":{"self":[{"href":"https:\/\/www.btv.ch\/btv\/index.php?rest_route=\/wp\/v2\/pages\/90","targetHints":{"allow":["GET"]}}],"collection":[{"href":"https:\/\/www.btv.ch\/btv\/index.php?rest_route=\/wp\/v2\/pages"}],"about":[{"href":"https:\/\/www.btv.ch\/btv\/index.php?rest_route=\/wp\/v2\/types\/page"}],"author":[{"embeddable":true,"href":"https:\/\/www.btv.ch\/btv\/index.php?rest_route=\/wp\/v2\/users\/1"}],"replies":[{"embeddable":true,"href":"https:\/\/www.btv.ch\/btv\/index.php?rest_route=%2Fwp%2Fv2%2Fcomments&post=90"}],"version-history":[{"count":0,"href":"https:\/\/www.btv.ch\/btv\/index.php?rest_route=\/wp\/v2\/pages\/90\/revisions"}],"up":[{"embeddable":true,"href":"https:\/\/www.btv.ch\/btv\/index.php?rest_route=\/wp\/v2\/pages\/38"}],"wp:attachment":[{"href":"https:\/\/www.btv.ch\/btv\/index.php?rest_route=%2Fwp%2Fv2%2Fmedia&parent=90"}],"curies":[{"name":"wp","href":"https:\/\/api.w.org\/{rel}","templated":true}]}}